{"id":45825,"date":"2025-12-02T09:48:51","date_gmt":"2025-12-02T09:48:51","guid":{"rendered":"https:\/\/jasonhosesolutions.com\/empleos-y-trayectoria-profesional\/"},"modified":"2026-01-27T15:45:45","modified_gmt":"2026-01-27T15:45:45","slug":"empleos-y-trayectoria-profesional","status":"publish","type":"page","link":"https:\/\/jasonhosesolutions.com\/es\/empleos-y-trayectoria-profesional\/","title":{"rendered":"Empleos y Trayectoria Profesional"},"content":{"rendered":"\n<h2 class=\"wp-block-heading\">Un futuro para usted en Jason<\/h2>\n\n<p>Jason es uno de los l\u00edderes mundiales en energ\u00eda fluida. Nuestros empleados atienden a clientes en todo el continente americano, proporcion\u00e1ndoles productos, servicios y soporte de calidad. <\/p>\n\n<p>Al trabajar en Jason, trabajar\u00e1 en un entorno internacional, con compa\u00f1eros de talento a los que les apasiona su trabajo y la estrategia de crecimiento de la empresa. Trabajar\u00e1 duro, lograr\u00e1 mucho y disfrutar\u00e1 mientras recibe respeto y una recompensa justa por sus esfuerzos. <\/p>\n\n<p>Tenemos \u00e9xito porque nuestra gente tiene \u00e9xito: son dedicados, creativos y prosperan en el trabajo en equipo. Est\u00e1n llegando lejos, y usted puede unirse a ellos. <\/p>\n\n<p>Cualquier vacante publicada aparecer\u00e1 a continuaci\u00f3n.<\/p>\n","protected":false},"excerpt":{"rendered":"<p>Un futuro para usted en Jason Jason es uno de los l\u00edderes mundiales en energ\u00eda fluida. Nuestros empleados atienden a clientes en todo el continente americano, proporcion\u00e1ndoles productos, servicios y soporte de calidad. Al trabajar en Jason, trabajar\u00e1 en un entorno internacional, con compa\u00f1eros de talento a los que les apasiona su trabajo y la [&hellip;]<\/p>\n","protected":false},"author":1,"featured_media":45826,"parent":0,"menu_order":0,"comment_status":"closed","ping_status":"closed","template":"","meta":{"_acf_changed":false,"_seopress_robots_primary_cat":"","_seopress_titles_title":"","_seopress_titles_desc":"","_seopress_robots_index":"","footnotes":""},"class_list":["post-45825","page","type-page","status-publish","has-post-thumbnail"],"acf":[],"_links":{"self":[{"href":"https:\/\/jasonhosesolutions.com\/es\/wp-json\/wp\/v2\/pages\/45825","targetHints":{"allow":["GET"]}}],"collection":[{"href":"https:\/\/jasonhosesolutions.com\/es\/wp-json\/wp\/v2\/pages"}],"about":[{"href":"https:\/\/jasonhosesolutions.com\/es\/wp-json\/wp\/v2\/types\/page"}],"author":[{"embeddable":true,"href":"https:\/\/jasonhosesolutions.com\/es\/wp-json\/wp\/v2\/users\/1"}],"replies":[{"embeddable":true,"href":"https:\/\/jasonhosesolutions.com\/es\/wp-json\/wp\/v2\/comments?post=45825"}],"version-history":[{"count":0,"href":"https:\/\/jasonhosesolutions.com\/es\/wp-json\/wp\/v2\/pages\/45825\/revisions"}],"wp:featuredmedia":[{"embeddable":true,"href":"https:\/\/jasonhosesolutions.com\/es\/wp-json\/wp\/v2\/media\/45826"}],"wp:attachment":[{"href":"https:\/\/jasonhosesolutions.com\/es\/wp-json\/wp\/v2\/media?parent=45825"}],"curies":[{"name":"wp","href":"https:\/\/api.w.org\/{rel}","templated":true}]}}