{"id":45815,"date":"2025-11-17T12:47:49","date_gmt":"2025-11-17T12:47:49","guid":{"rendered":"https:\/\/jasonhosesolutions.com\/serie\/serie-jcd205-wb\/"},"modified":"2026-01-27T15:45:08","modified_gmt":"2026-01-27T15:45:08","slug":"serie-jcd205-wb","status":"publish","type":"page","link":"https:\/\/jasonhosesolutions.com\/es\/serie\/serie-jcd205-wb\/","title":{"rendered":"Serie JCD205-WB"},"content":{"rendered":"\n<h2 class=\"wp-block-heading\">Prensas hidr\u00e1ulicas para mangueras<\/h2>\n\n<h3 class=\"wp-block-heading\">Pila de matrices con serie de matrices EN98-032<\/h3>\n\n<ol class=\"wp-block-list\">\n<li>Placa de empuje grande<\/li>\n\n\n\n<li>Serie de matrices EN98-032 (no incluida)<\/li>\n<\/ol>\n\n<h3 class=\"wp-block-heading\">Pila de matrices con serie de matrices EN98-020<\/h3>\n\n<ol class=\"wp-block-list\">\n<li>Placa de empuje para tubos doblados<\/li>\n\n\n\n<li>Placa de empuje est\u00e1ndar<\/li>\n\n\n\n<li>Serie de matrices EN98-020 (no incluida)<\/li>\n\n\n\n<li>Inserto c\u00f3nico<\/li>\n<\/ol>\n\n<h3 class=\"wp-block-heading\">Alta visibilidad<\/h3>\n\n<p>La posici\u00f3n invertida de la matriz permite al operador colocar con precisi\u00f3n el accesorio antes de prensarlo.<\/p>\n\n<h3 class=\"wp-block-heading\">Ahorre tiempo<\/h3>\n\n<p>El tope de retracci\u00f3n ajustable limita la retracci\u00f3n del pist\u00f3n.<\/p>\n\n<h2 class=\"wp-block-heading\">Dise\u00f1ado para adaptarse a sus necesidades<\/h2>\n\n<ul class=\"wp-block-list\">\n<li>Capacidad de manguera de hasta 1-\u00bc\u201d 6SP (con matrices est\u00e1ndar EN98-020, y hasta manguera de 2\u2033 de 6 alambres (con serie de matrices EN98-032 opcional)<\/li>\n\n\n\n<li>Un micr\u00f3metro infinitamente ajustable y un interruptor de corte electr\u00f3nico permiten realizar prensados precisos<\/li>\n\n\n\n<li>El posicionamiento invertido de la matriz ofrece una buena visibilidad, lo que permite al operador colocar con precisi\u00f3n el accesorio antes de realizar el prensado final<\/li>\n\n\n\n<li>El empujador extra\u00edble y la posici\u00f3n invertida de la matriz facilitan la colocaci\u00f3n precisa de los accesorios<\/li>\n\n\n\n<li>El tope de retracci\u00f3n ajustable incorporado limita la retracci\u00f3n del pist\u00f3n solo a la cantidad necesaria para retirar la manguera y el acoplamiento, lo que ahorra tiempo en prensados m\u00faltiples<\/li>\n\n\n\n<li>L\u00e1mpara de trabajo flexible incorporada para iluminar el \u00e1rea de trabajo y mejorar la visibilidad<\/li>\n\n\n\n<li>El interruptor neum\u00e1tico remoto se puede accionar con la mano o con el pie<\/li>\n\n\n\n<li>Los orificios de montaje en la base permiten montar la prensa en un banco o en la plataforma de un cami\u00f3n si es necesario<\/li>\n<\/ul>\n\n<h2 class=\"wp-block-heading\">Dise\u00f1o duradero y fiable = rentabilidad<\/h2>\n\n<ul class=\"wp-block-list\">\n<li>80 toneladas de fuerza de prensado<\/li>\n\n\n\n<li>Dise\u00f1o abierto para proporcionar una excelente visibilidad al operador<\/li>\n\n\n\n<li>Gama completa de troqueles y accesorios disponibles<\/li>\n<\/ul>\n","protected":false},"excerpt":{"rendered":"<p>Prensas hidr\u00e1ulicas para mangueras Pila de matrices con serie de matrices EN98-032 Pila de matrices con serie de matrices EN98-020 Alta visibilidad La posici\u00f3n invertida de la matriz permite al operador colocar con precisi\u00f3n el accesorio antes de prensarlo. Ahorre tiempo El tope de retracci\u00f3n ajustable limita la retracci\u00f3n del pist\u00f3n. Dise\u00f1ado para adaptarse a [&hellip;]<\/p>\n","protected":false},"author":1,"featured_media":45816,"parent":45753,"menu_order":0,"comment_status":"closed","ping_status":"closed","template":"","meta":{"_acf_changed":false,"_seopress_robots_primary_cat":"","_seopress_titles_title":"","_seopress_titles_desc":"","_seopress_robots_index":"","footnotes":""},"class_list":["post-45815","page","type-page","status-publish","has-post-thumbnail"],"acf":[],"_links":{"self":[{"href":"https:\/\/jasonhosesolutions.com\/es\/wp-json\/wp\/v2\/pages\/45815","targetHints":{"allow":["GET"]}}],"collection":[{"href":"https:\/\/jasonhosesolutions.com\/es\/wp-json\/wp\/v2\/pages"}],"about":[{"href":"https:\/\/jasonhosesolutions.com\/es\/wp-json\/wp\/v2\/types\/page"}],"author":[{"embeddable":true,"href":"https:\/\/jasonhosesolutions.com\/es\/wp-json\/wp\/v2\/users\/1"}],"replies":[{"embeddable":true,"href":"https:\/\/jasonhosesolutions.com\/es\/wp-json\/wp\/v2\/comments?post=45815"}],"version-history":[{"count":0,"href":"https:\/\/jasonhosesolutions.com\/es\/wp-json\/wp\/v2\/pages\/45815\/revisions"}],"up":[{"embeddable":true,"href":"https:\/\/jasonhosesolutions.com\/es\/wp-json\/wp\/v2\/pages\/45753"}],"wp:featuredmedia":[{"embeddable":true,"href":"https:\/\/jasonhosesolutions.com\/es\/wp-json\/wp\/v2\/media\/45816"}],"wp:attachment":[{"href":"https:\/\/jasonhosesolutions.com\/es\/wp-json\/wp\/v2\/media?parent=45815"}],"curies":[{"name":"wp","href":"https:\/\/api.w.org\/{rel}","templated":true}]}}