{"id":45804,"date":"2025-11-17T12:23:56","date_gmt":"2025-11-17T12:23:56","guid":{"rendered":"https:\/\/jasonhosesolutions.com\/serie\/serie-jcc4-50\/"},"modified":"2026-01-27T15:44:38","modified_gmt":"2026-01-27T15:44:38","slug":"serie-jcc4-50","status":"publish","type":"page","link":"https:\/\/jasonhosesolutions.com\/es\/serie\/serie-jcc4-50\/","title":{"rendered":"Serie JCC4-50"},"content":{"rendered":"\n<h2 class=\"wp-block-heading\">Prensadora de mangueras de producci\u00f3n general<\/h2>\n\n<h3 class=\"wp-block-heading\">Controlador ACT<sup>\u2122<\/sup> patentado, \u00fanico y f\u00e1cil de usar<\/h3>\n\n<ul class=\"wp-block-list\">\n<li>Ajuste de crimpado a di\u00e1metro totalmente regulable<\/li>\n\n\n\n<li>Capacidades de producci\u00f3n<\/li>\n\n\n\n<li>Capacidad de memoria para una repetibilidad precisa<\/li>\n\n\n\n<li>Convierte autom\u00e1ticamente pulgadas a mm y mm a pulgadas, de modo que nunca se requiere ning\u00fan c\u00e1lculo<\/li>\n<\/ul>\n\n<h3 class=\"wp-block-heading\">Controlador ACT<sup>\u2122<\/sup> patentado<\/h3>\n\n<p>Ofrece 4 configuraciones de idioma para elegir entre ingl\u00e9s, espa\u00f1ol, alem\u00e1n y franc\u00e9s<\/p>\n\n<h3 class=\"wp-block-heading\">Caracter\u00edsticas de la interfaz del operador<\/h3>\n\n<p>Navegaci\u00f3n f\u00e1cil de usar, modo manual, modo semiautom\u00e1tico, modo totalmente autom\u00e1tico y funciones de producci\u00f3n<\/p>\n\n<h3 class=\"wp-block-heading\">Compensaci\u00f3n de presi\u00f3n<\/h3>\n\n<p>Utiliza la presi\u00f3n para eliminar el &#8220;ensayo y error&#8221;<\/p>\n\n<h2 class=\"wp-block-heading\">Dise\u00f1ado para adaptarse a sus necesidades<\/h2>\n\n<ul class=\"wp-block-list\">\n<li>Capacidad de manguera de hasta 2-1\/2\u2033 para manguera hidr\u00e1ulica de 6 alambres y hasta 3\u2033 para manguera industrial<\/li>\n\n\n\n<li>Moderno controlador ACT\u2122 patentado con pantalla t\u00e1ctil grande y navegaci\u00f3n f\u00e1cil de usar<\/li>\n\n\n\n<li>Interruptor de pie para usar en modo semiautom\u00e1tico y totalmente autom\u00e1tico, manteniendo ambas manos libres<\/li>\n\n\n\n<li>La herramienta de cambio r\u00e1pido hace que los cambios de troquel sean un proceso r\u00e1pido y sencillo<\/li>\n\n\n\n<li>El tope trasero ajustable acelera los crimpados m\u00faltiples de la misma manguera y accesorio<\/li>\n\n\n\n<li>F\u00e1cil mantenimiento de la grasa a trav\u00e9s de ocho engrasadores<\/li>\n\n\n\n<li>Las almohadillas protectoras de espuma para troqueles maestros entre los dedos del troquel evitan que caigan residuos en las superficies cr\u00edticas y causen da\u00f1os permanentes<\/li>\n\n\n\n<li>Los orificios de montaje del dep\u00f3sito permiten montar la crimpadora en un banco o en la plataforma de un cami\u00f3n si es necesario<\/li>\n<\/ul>\n\n<h2 class=\"wp-block-heading\">Dise\u00f1o duradero y fiable = rentabilidad<\/h2>\n\n<ul class=\"wp-block-list\">\n<li>340 toneladas de fuerza de crimpado<\/li>\n\n\n\n<li>Motor de 7,5 HP cableado a 230 voltios trif\u00e1sico con bomba de engranajes para crimpados r\u00e1pidos (est\u00e1ndar)<\/li>\n\n\n\n<li>Gama completa de troqueles y accesorios disponibles<\/li>\n<\/ul>\n\n<p><strong>Productos cubiertos por todos o algunos de estos patentes: US 7,383,709; US 8,230,714; EP 1,909,987 y patentes en tr\u00e1mite<\/strong><\/p>\n","protected":false},"excerpt":{"rendered":"<p>Prensadora de mangueras de producci\u00f3n general Controlador ACT\u2122 patentado, \u00fanico y f\u00e1cil de usar Controlador ACT\u2122 patentado Ofrece 4 configuraciones de idioma para elegir entre ingl\u00e9s, espa\u00f1ol, alem\u00e1n y franc\u00e9s Caracter\u00edsticas de la interfaz del operador Navegaci\u00f3n f\u00e1cil de usar, modo manual, modo semiautom\u00e1tico, modo totalmente autom\u00e1tico y funciones de producci\u00f3n Compensaci\u00f3n de presi\u00f3n Utiliza [&hellip;]<\/p>\n","protected":false},"author":1,"featured_media":45805,"parent":45753,"menu_order":0,"comment_status":"closed","ping_status":"closed","template":"","meta":{"_acf_changed":false,"_seopress_robots_primary_cat":"","_seopress_titles_title":"","_seopress_titles_desc":"","_seopress_robots_index":"","footnotes":""},"class_list":["post-45804","page","type-page","status-publish","has-post-thumbnail"],"acf":[],"_links":{"self":[{"href":"https:\/\/jasonhosesolutions.com\/es\/wp-json\/wp\/v2\/pages\/45804","targetHints":{"allow":["GET"]}}],"collection":[{"href":"https:\/\/jasonhosesolutions.com\/es\/wp-json\/wp\/v2\/pages"}],"about":[{"href":"https:\/\/jasonhosesolutions.com\/es\/wp-json\/wp\/v2\/types\/page"}],"author":[{"embeddable":true,"href":"https:\/\/jasonhosesolutions.com\/es\/wp-json\/wp\/v2\/users\/1"}],"replies":[{"embeddable":true,"href":"https:\/\/jasonhosesolutions.com\/es\/wp-json\/wp\/v2\/comments?post=45804"}],"version-history":[{"count":0,"href":"https:\/\/jasonhosesolutions.com\/es\/wp-json\/wp\/v2\/pages\/45804\/revisions"}],"up":[{"embeddable":true,"href":"https:\/\/jasonhosesolutions.com\/es\/wp-json\/wp\/v2\/pages\/45753"}],"wp:featuredmedia":[{"embeddable":true,"href":"https:\/\/jasonhosesolutions.com\/es\/wp-json\/wp\/v2\/media\/45805"}],"wp:attachment":[{"href":"https:\/\/jasonhosesolutions.com\/es\/wp-json\/wp\/v2\/media?parent=45804"}],"curies":[{"name":"wp","href":"https:\/\/api.w.org\/{rel}","templated":true}]}}