{"id":45800,"date":"2025-11-18T09:37:15","date_gmt":"2025-11-18T09:37:15","guid":{"rendered":"https:\/\/jasonhosesolutions.com\/productos-agricolas-ofrecidos-por-jason\/"},"modified":"2026-01-27T15:44:36","modified_gmt":"2026-01-27T15:44:36","slug":"productos-agricolas-ofrecidos-por-jason","status":"publish","type":"page","link":"https:\/\/jasonhosesolutions.com\/es\/productos-agricolas-ofrecidos-por-jason\/","title":{"rendered":"Productos agr\u00edcolas ofrecidos por Jason"},"content":{"rendered":"\n<p>Jason ofrece una amplia selecci\u00f3n de productos agr\u00edcolas e industriales. Nos enorgullece atender a nuestros clientes con mangueras y acoplamientos de alta calidad en los que propietarios de viviendas, agricultores y empresas pueden confiar para un uso superior y a largo plazo. Tambi\u00e9n priorizamos un excelente servicio al cliente y una f\u00e1cil disponibilidad de los productos para que nuestros clientes no tengan que preocuparse por los tiempos de inactividad no programados y la espera de las piezas de repuesto. Nuestros productos se pueden encontrar en tiendas minoristas de granjas, ranchos y ferreter\u00edas.   <\/p>\n\n<h2 class=\"wp-block-heading\">\u00bfQu\u00e9 productos agr\u00edcolas ofrece Jason?<\/h2>\n\n<p>Nuestras categor\u00edas de productos m\u00e1s populares incluyen:<\/p>\n\n<ul class=\"wp-block-list\">\n<li>Mangueras de aire<\/li>\n\n\n\n<li>Manguera de transferencia de combustible<\/li>\n\n\n\n<li>Mangueras y adaptadores hidr\u00e1ulicos<\/li>\n\n\n\n<li>Tubos trenzados \u2013 PVC<\/li>\n\n\n\n<li>Mangueras de pulverizaci\u00f3n \u2013 EPDM<\/li>\n\n\n\n<li>Amon\u00edaco anhidro \u2013 EVA<\/li>\n\n\n\n<li>Mangueras de aspiraci\u00f3n e impulsi\u00f3n<\/li>\n\n\n\n<li>Acoplamientos y filtros<\/li>\n\n\n\n<li>Correas trapezoidales<\/li>\n<\/ul>\n\n<h2 class=\"wp-block-heading\">Mangueras y acoplamientos agr\u00edcolas de Jason<\/h2>\n\n<p>Algunos de nuestros productos populares de mangueras y acoplamientos incluyen:<\/p>\n\n<ul class=\"wp-block-list\">\n<li><strong>Manguera de transferencia de combustible para tanques agr\u00edcolas:<\/strong> Esta robusta manguera de transferencia reforzada con poli\u00e9ster puede dispensar biodi\u00e9sel, etanol (hasta E15), gasolina, di\u00e9sel y queroseno. La manguera puede soportar un amplio rango de temperaturas de -20 \u00b0F a 160 \u00b0F para su uso durante todo el a\u00f1o. <\/li>\n\n\n\n<li><strong>Manguera de descarga de agua plana de PVC azul:<\/strong> La manguera se enrolla de forma plana para su almacenamiento. Los usos principales son para la agricultura, el riego por goteo, la construcci\u00f3n general y las aplicaciones de gesti\u00f3n del agua. Est\u00e1 reforzada con hilo de poli\u00e9ster para una durabilidad y un rendimiento a largo plazo. Tambi\u00e9n ofrecemos mangueras de descarga de servicio mediano (rojo, PVC) y de servicio pesado (blanco, SBR).   <\/li>\n\n\n\n<li><strong>Manguera de aspiraci\u00f3n de agua de PVC verde:<\/strong> Esta manguera corrugada reforzada mantiene una secci\u00f3n transversal circular. Es flexible pero est\u00e1 reforzada para soportar aplicaciones de aspiraci\u00f3n e impulsi\u00f3n. <\/li>\n\n\n\n<li><strong>Mangueras de aspiraci\u00f3n de alimentos FDA y USDA:<\/strong> Mantenemos una selecci\u00f3n completa de mangueras que cumplen con las normas FDA y USDA que se pueden utilizar para transportar alimentos y productos animales sin contaminaci\u00f3n. Nuestros tubos de PVC tienen una h\u00e9lice en el sentido de las agujas del reloj para la integridad estructural, pueden soportar temperaturas de -5 \u00b0F a 140 \u00b0F y son transparentes para facilitar las inspecciones y el control. Los usos comunes incluyen el transporte de agua potable, productos l\u00e1cteos y otros l\u00edquidos de calidad alimentaria.  <\/li>\n<\/ul>\n\n<h2 class=\"wp-block-heading\">Ventajas de trabajar con Jason<\/h2>\n\n<p>En Jason, nos enorgullece ser una ventanilla \u00fanica para todas las necesidades de mangueras y acoplamientos de nuestros clientes. Producimos y suministramos mangueras, correas, accesorios y complementos de alta calidad para una amplia gama de aplicaciones agr\u00edcolas, incluido el riego, el cuidado de animales y las respuestas de emergencia a inundaciones. Mantenemos un gran stock para satisfacer las necesidades de nuestros clientes en todo el pa\u00eds. Cada manguera est\u00e1 dise\u00f1ada para proporcionar un alto grado de rendimiento y durar a\u00f1os de uso frecuente. Utilizamos materiales resistentes y de alta calidad para el cuerpo y el refuerzo de cada manguera, al tiempo que ofrecemos precios rentables. Nuestros productos de mangueras son flexibles, ligeros y capaces de soportar temperaturas altas y bajas para su uso durante todo el a\u00f1o.     <\/p>\n\n<p>Ofrecemos un excelente servicio al cliente. Nuestro equipo est\u00e1 aqu\u00ed para ayudarle a encontrar la mejor opci\u00f3n de manguera para cada proyecto en su propiedad. Podemos ayudarle a seleccionar los accesorios, acoplamientos y complementos adecuados para que ese proyecto tenga \u00e9xito. Cada art\u00edculo de nuestro amplio inventario se prueba para comprobar su durabilidad a la temperatura y su resistencia a las formas comunes de da\u00f1o en los emplazamientos agr\u00edcolas e industriales. P\u00f3ngase en contacto con nuestro equipo hoy mismo para obtener m\u00e1s informaci\u00f3n sobre la integridad de nuestros productos o <a href=\"https:\/\/jasonhosesolutions.com\/rfq\/\" data-type=\"page\" data-id=\"122\" target=\"_blank\" rel=\"noopener\">solicite un presupuesto<\/a> para comenzar su pedido.    <\/p>\n","protected":false},"excerpt":{"rendered":"<p>Jason ofrece una amplia selecci\u00f3n de productos agr\u00edcolas e industriales. Nos enorgullece atender a nuestros clientes con mangueras y acoplamientos de alta calidad en los que propietarios de viviendas, agricultores y empresas pueden confiar para un uso superior y a largo plazo. Tambi\u00e9n priorizamos un excelente servicio al cliente y una f\u00e1cil disponibilidad de los [&hellip;]<\/p>\n","protected":false},"author":1,"featured_media":26692,"parent":0,"menu_order":0,"comment_status":"closed","ping_status":"closed","template":"","meta":{"_acf_changed":false,"_seopress_robots_primary_cat":"","_seopress_titles_title":"","_seopress_titles_desc":"","_seopress_robots_index":"","footnotes":""},"class_list":["post-45800","page","type-page","status-publish","has-post-thumbnail"],"acf":[],"_links":{"self":[{"href":"https:\/\/jasonhosesolutions.com\/es\/wp-json\/wp\/v2\/pages\/45800","targetHints":{"allow":["GET"]}}],"collection":[{"href":"https:\/\/jasonhosesolutions.com\/es\/wp-json\/wp\/v2\/pages"}],"about":[{"href":"https:\/\/jasonhosesolutions.com\/es\/wp-json\/wp\/v2\/types\/page"}],"author":[{"embeddable":true,"href":"https:\/\/jasonhosesolutions.com\/es\/wp-json\/wp\/v2\/users\/1"}],"replies":[{"embeddable":true,"href":"https:\/\/jasonhosesolutions.com\/es\/wp-json\/wp\/v2\/comments?post=45800"}],"version-history":[{"count":0,"href":"https:\/\/jasonhosesolutions.com\/es\/wp-json\/wp\/v2\/pages\/45800\/revisions"}],"wp:featuredmedia":[{"embeddable":true,"href":"https:\/\/jasonhosesolutions.com\/es\/wp-json\/wp\/v2\/media\/26692"}],"wp:attachment":[{"href":"https:\/\/jasonhosesolutions.com\/es\/wp-json\/wp\/v2\/media?parent=45800"}],"curies":[{"name":"wp","href":"https:\/\/api.w.org\/{rel}","templated":true}]}}