{"id":45794,"date":"2025-11-17T13:52:39","date_gmt":"2025-11-17T13:52:39","guid":{"rendered":"https:\/\/jasonhosesolutions.com\/serie\/serie-jcd100s-t420\/"},"modified":"2026-01-27T15:44:04","modified_gmt":"2026-01-27T15:44:04","slug":"serie-jcd100s-t420","status":"publish","type":"page","link":"https:\/\/jasonhosesolutions.com\/es\/serie\/serie-jcd100s-t420\/","title":{"rendered":"Serie JCD100S-T420"},"content":{"rendered":"\n<h2 class=\"wp-block-heading\">Prensa de mangueras de servicio port\u00e1til<\/h2>\n\n<p><br\/>La prensa de mangueras de la serie port\u00e1til JCD100S-T420 con ajuste de micr\u00f3metro T420 y 35 toneladas de fuerza de prensado tiene la capacidad de prensar mangueras de hasta 1&#8243; de 2 hilos y 3\/4&#8243; 4SP.<\/p>\n\n<h2 class=\"wp-block-heading\">Juegos de troqueles enjaulados flexibles T420 y jaulas flexibles<\/h2>\n\n<ul class=\"wp-block-list\">\n<li>Juegos de troqueles enjaulados flexibles para entornos de trabajo pesado<\/li>\n\n\n\n<li>Elimina la necesidad de reemplazar tornillos y resortes rotos<\/li>\n<\/ul>\n\n<h2 class=\"wp-block-heading\">Preciso y repetible<\/h2>\n\n<p>El indicador \u201cMicroSite\u201d en el micr\u00f3metro T420 permite al operador realizar prensados precisos, r\u00e1pidos y repetibles.<\/p>\n\n<h2 class=\"wp-block-heading\">Unidad port\u00e1til ligera<\/h2>\n\n<p>La prensa verdaderamente \u201cport\u00e1til\u201d se puede transportar a casi cualquier lugar donde se requiera servicio.<\/p>\n\n<h2 class=\"wp-block-heading\">Aceite lubricante para troqueles CRIMPX<\/h2>\n\n<ul class=\"wp-block-list\">\n<li>Para prolongar la vida \u00fatil y el rendimiento de los troqueles<\/li>\n\n\n\n<li>F\u00e1cil de usar y las manos permanecen limpias<\/li>\n<\/ul>\n\n<h2 class=\"wp-block-heading\">Dise\u00f1ado para adaptarse a sus necesidades<\/h2>\n\n<ul class=\"wp-block-list\">\n<li>Capacidad de manguera de hasta 1&#8243; de 2 hilos y 3\/4&#8243; 4SP<\/li>\n\n\n\n<li>El micr\u00f3metro T420 es totalmente ajustable para un prensado preciso<\/li>\n\n\n\n<li>Bomba de mano disponible, bomba neum\u00e1tica de 10.000 psi o bomba multi-el\u00e9ctrica<\/li>\n\n\n\n<li>La posici\u00f3n de la prensa se puede ajustar para una posici\u00f3n de prensado \u00f3ptima o se puede bajar a la posici\u00f3n vertical para un mejor equilibrio cuando se transporta la prensa<\/li>\n\n\n\n<li>El empujador extra\u00edble y el juego de troqueles enjaulados de goma T420 de 2 piezas facilitan la colocaci\u00f3n precisa de los accesorios<\/li>\n\n\n\n<li>La prensa port\u00e1til JCD100S-T420 pesa solo 47 libras<\/li>\n\n\n\n<li>El estante de almacenamiento de troqueles opcional mantiene los troqueles organizados y f\u00e1cilmente disponibles<\/li>\n\n\n\n<li>Los orificios de montaje en la base permiten montar la prensa en un banco o en la plataforma de un cami\u00f3n si es necesario<\/li>\n<\/ul>\n\n<h2 class=\"wp-block-heading\">Dise\u00f1o duradero y fiable = rentabilidad<\/h2>\n\n<ul class=\"wp-block-list\">\n<li>35 toneladas de fuerza de prensado<\/li>\n\n\n\n<li>Dise\u00f1o abierto para proporcionar una excelente visibilidad al operador<\/li>\n\n\n\n<li>Gama completa de troqueles y accesorios disponibles<\/li>\n<\/ul>\n","protected":false},"excerpt":{"rendered":"<p>Prensa de mangueras de servicio port\u00e1til La prensa de mangueras de la serie port\u00e1til JCD100S-T420 con ajuste de micr\u00f3metro T420 y 35 toneladas de fuerza de prensado tiene la capacidad de prensar mangueras de hasta 1&#8243; de 2 hilos y 3\/4&#8243; 4SP. Juegos de troqueles enjaulados flexibles T420 y jaulas flexibles Preciso y repetible El [&hellip;]<\/p>\n","protected":false},"author":1,"featured_media":45795,"parent":45753,"menu_order":0,"comment_status":"closed","ping_status":"closed","template":"","meta":{"_acf_changed":false,"_seopress_robots_primary_cat":"","_seopress_titles_title":"","_seopress_titles_desc":"","_seopress_robots_index":"","footnotes":""},"class_list":["post-45794","page","type-page","status-publish","has-post-thumbnail"],"acf":[],"_links":{"self":[{"href":"https:\/\/jasonhosesolutions.com\/es\/wp-json\/wp\/v2\/pages\/45794","targetHints":{"allow":["GET"]}}],"collection":[{"href":"https:\/\/jasonhosesolutions.com\/es\/wp-json\/wp\/v2\/pages"}],"about":[{"href":"https:\/\/jasonhosesolutions.com\/es\/wp-json\/wp\/v2\/types\/page"}],"author":[{"embeddable":true,"href":"https:\/\/jasonhosesolutions.com\/es\/wp-json\/wp\/v2\/users\/1"}],"replies":[{"embeddable":true,"href":"https:\/\/jasonhosesolutions.com\/es\/wp-json\/wp\/v2\/comments?post=45794"}],"version-history":[{"count":0,"href":"https:\/\/jasonhosesolutions.com\/es\/wp-json\/wp\/v2\/pages\/45794\/revisions"}],"up":[{"embeddable":true,"href":"https:\/\/jasonhosesolutions.com\/es\/wp-json\/wp\/v2\/pages\/45753"}],"wp:featuredmedia":[{"embeddable":true,"href":"https:\/\/jasonhosesolutions.com\/es\/wp-json\/wp\/v2\/media\/45795"}],"wp:attachment":[{"href":"https:\/\/jasonhosesolutions.com\/es\/wp-json\/wp\/v2\/media?parent=45794"}],"curies":[{"name":"wp","href":"https:\/\/api.w.org\/{rel}","templated":true}]}}