{"id":45792,"date":"2025-11-17T13:49:23","date_gmt":"2025-11-17T13:49:23","guid":{"rendered":"https:\/\/jasonhosesolutions.com\/serie\/serie-jcd165-t420\/"},"modified":"2026-01-27T15:44:04","modified_gmt":"2026-01-27T15:44:04","slug":"serie-jcd165-t420","status":"publish","type":"page","link":"https:\/\/jasonhosesolutions.com\/es\/serie\/serie-jcd165-t420\/","title":{"rendered":"Serie JCD165-T420"},"content":{"rendered":"\n<p>La crimpadora de la serie JCD165-T420, con ajuste tipo micr\u00f3metro y 62 toneladas de fuerza de crimpado, tiene la capacidad de crimpar mangueras de 4 espirales de hasta 1-1\/4\u201d.<\/p>\n\n<p><strong>Apagado autom\u00e1tico por micr\u00f3metro<\/strong><\/p>\n\n<ul class=\"wp-block-list\">\n<li>F\u00e1cil de usar y calibrar<\/li>\n\n\n\n<li>Ideal para crimpados repetibles<\/li>\n<\/ul>\n\n<p><strong>Aceite lubricante para troqueles Crimp X<\/strong><\/p>\n\n<ul class=\"wp-block-list\">\n<li>Para prolongar la vida \u00fatil y el rendimiento de los troqueles<\/li>\n\n\n\n<li>F\u00e1cil de usar y las manos permanecen limpias<\/li>\n<\/ul>\n\n<p><strong>Juegos de troqueles enjaulados flexibles T-420 y jaulas flexibles<\/strong><\/p>\n\n<ul class=\"wp-block-list\">\n<li>Para aplicaciones de alta resistencia<\/li>\n\n\n\n<li>Elimina la necesidad de reemplazar tornillos y resortes rotos<\/li>\n\n\n\n<li>Mantenimiento m\u00ednimo<\/li>\n<\/ul>\n\n<p><strong>DISE\u00d1ADO PARA ADAPTARSE A SUS NECESIDADES<\/strong><\/p>\n\n<ul class=\"wp-block-list\">\n<li>Capacidad de manguera de hasta 1-1\/4\u201d 4 espirales<\/li>\n\n\n\n<li>Apagado autom\u00e1tico para crimpados precisos<\/li>\n\n\n\n<li>El empujador extra\u00edble y el juego de troqueles de crimpado de jaula de goma de dos piezas facilitan el posicionamiento preciso del accesorio<\/li>\n\n\n\n<li>El tope de retracci\u00f3n ajustable incorporado limita la retracci\u00f3n del pist\u00f3n solo a la cantidad necesaria para retirar la manguera y el acoplamiento, lo que ahorra tiempo en m\u00faltiples crimpados<\/li>\n\n\n\n<li>El estante de almacenamiento de troqueles opcional mantiene los troqueles organizados y f\u00e1cilmente disponibles<\/li>\n\n\n\n<li>L\u00e1mpara de trabajo flexible incorporada opcional para iluminar el \u00e1rea de trabajo y mejorar la visibilidad<\/li>\n\n\n\n<li>Los orificios de montaje en la base permiten montar la crimpadora en un banco o en la plataforma de un cami\u00f3n si es necesario<\/li>\n<\/ul>\n\n<p><strong>DISE\u00d1O DURADERO Y FIABLE = RENTABILIDAD<\/strong><\/p>\n\n<ul class=\"wp-block-list\">\n<li>62 toneladas de fuerza de crimpado<\/li>\n\n\n\n<li>Dise\u00f1o abierto para proporcionar una excelente visibilidad al operador<\/li>\n\n\n\n<li>Gama completa de troqueles y accesorios disponibles<\/li>\n<\/ul>\n","protected":false},"excerpt":{"rendered":"<p>La crimpadora de la serie JCD165-T420, con ajuste tipo micr\u00f3metro y 62 toneladas de fuerza de crimpado, tiene la capacidad de crimpar mangueras de 4 espirales de hasta 1-1\/4\u201d. Apagado autom\u00e1tico por micr\u00f3metro Aceite lubricante para troqueles Crimp X Juegos de troqueles enjaulados flexibles T-420 y jaulas flexibles DISE\u00d1ADO PARA ADAPTARSE A SUS NECESIDADES DISE\u00d1O [&hellip;]<\/p>\n","protected":false},"author":1,"featured_media":45793,"parent":45753,"menu_order":0,"comment_status":"closed","ping_status":"closed","template":"","meta":{"_acf_changed":false,"_seopress_robots_primary_cat":"","_seopress_titles_title":"","_seopress_titles_desc":"","_seopress_robots_index":"","footnotes":""},"class_list":["post-45792","page","type-page","status-publish","has-post-thumbnail"],"acf":[],"_links":{"self":[{"href":"https:\/\/jasonhosesolutions.com\/es\/wp-json\/wp\/v2\/pages\/45792","targetHints":{"allow":["GET"]}}],"collection":[{"href":"https:\/\/jasonhosesolutions.com\/es\/wp-json\/wp\/v2\/pages"}],"about":[{"href":"https:\/\/jasonhosesolutions.com\/es\/wp-json\/wp\/v2\/types\/page"}],"author":[{"embeddable":true,"href":"https:\/\/jasonhosesolutions.com\/es\/wp-json\/wp\/v2\/users\/1"}],"replies":[{"embeddable":true,"href":"https:\/\/jasonhosesolutions.com\/es\/wp-json\/wp\/v2\/comments?post=45792"}],"version-history":[{"count":0,"href":"https:\/\/jasonhosesolutions.com\/es\/wp-json\/wp\/v2\/pages\/45792\/revisions"}],"up":[{"embeddable":true,"href":"https:\/\/jasonhosesolutions.com\/es\/wp-json\/wp\/v2\/pages\/45753"}],"wp:featuredmedia":[{"embeddable":true,"href":"https:\/\/jasonhosesolutions.com\/es\/wp-json\/wp\/v2\/media\/45793"}],"wp:attachment":[{"href":"https:\/\/jasonhosesolutions.com\/es\/wp-json\/wp\/v2\/media?parent=45792"}],"curies":[{"name":"wp","href":"https:\/\/api.w.org\/{rel}","templated":true}]}}