{"id":45784,"date":"2025-11-17T17:02:40","date_gmt":"2025-11-17T17:02:40","guid":{"rendered":"https:\/\/jasonhosesolutions.com\/correas\/"},"modified":"2026-01-30T12:05:07","modified_gmt":"2026-01-30T12:05:07","slug":"correas","status":"publish","type":"page","link":"https:\/\/jasonhosesolutions.com\/es\/productos\/correas\/","title":{"rendered":"Correas"},"content":{"rendered":"\n<p>Jason siempre ha sido conocido por la fabricaci\u00f3n y el suministro de correas de transmisi\u00f3n de potencia y mangueras industriales de alta calidad. A lo largo de los a\u00f1os, nuestra oferta de productos ha experimentado un crecimiento significativo. En lo que respecta a las correas, trabajamos con Megadyne para ampliar nuestra cartera y unimos fuerzas oficialmente en 2007. Nuestro negocio de mangueras tambi\u00e9n ha seguido creciendo con incorporaciones a nuestra l\u00ednea de mangueras industriales y la introducci\u00f3n de nuestra l\u00ednea de mangueras hidr\u00e1ulicas.   <\/p>\n\n<p>Con nuestra ampliada cartera de productos y selecci\u00f3n de marcas, hemos simplificado nuestras ofertas definiendo mensajes m\u00e1s claros para cada marca. Esta reestructuraci\u00f3n de la marca ahora tiene a Jason como nuestra marca de mangueras, y Megadyne, un l\u00edder mundial en la fabricaci\u00f3n de correas de transmisi\u00f3n de potencia de caucho y uretano, ahora se reconoce como nuestra marca de correas de transmisi\u00f3n de potencia. Los mismos productos y soluciones de correas de confianza a los que est\u00e1 acostumbrado de Jason siguen estando disponibles a trav\u00e9s de Megadyne, junto con el conocimiento, las personas y el servicio de primera clase que siempre han hecho de Jason su proveedor preferido.  <\/p>\n","protected":false},"excerpt":{"rendered":"<p>Jason siempre ha sido conocido por la fabricaci\u00f3n y el suministro de correas de transmisi\u00f3n de potencia y mangueras industriales de alta calidad. A lo largo de los a\u00f1os, nuestra oferta de productos ha experimentado un crecimiento significativo. En lo que respecta a las correas, trabajamos con Megadyne para ampliar nuestra cartera y unimos fuerzas [&hellip;]<\/p>\n","protected":false},"author":1,"featured_media":26692,"parent":45996,"menu_order":0,"comment_status":"closed","ping_status":"closed","template":"","meta":{"_acf_changed":false,"_seopress_robots_primary_cat":"","_seopress_titles_title":"","_seopress_titles_desc":"","_seopress_robots_index":"","footnotes":""},"class_list":["post-45784","page","type-page","status-publish","has-post-thumbnail"],"acf":[],"_links":{"self":[{"href":"https:\/\/jasonhosesolutions.com\/es\/wp-json\/wp\/v2\/pages\/45784","targetHints":{"allow":["GET"]}}],"collection":[{"href":"https:\/\/jasonhosesolutions.com\/es\/wp-json\/wp\/v2\/pages"}],"about":[{"href":"https:\/\/jasonhosesolutions.com\/es\/wp-json\/wp\/v2\/types\/page"}],"author":[{"embeddable":true,"href":"https:\/\/jasonhosesolutions.com\/es\/wp-json\/wp\/v2\/users\/1"}],"replies":[{"embeddable":true,"href":"https:\/\/jasonhosesolutions.com\/es\/wp-json\/wp\/v2\/comments?post=45784"}],"version-history":[{"count":0,"href":"https:\/\/jasonhosesolutions.com\/es\/wp-json\/wp\/v2\/pages\/45784\/revisions"}],"up":[{"embeddable":true,"href":"https:\/\/jasonhosesolutions.com\/es\/wp-json\/wp\/v2\/pages\/45996"}],"wp:featuredmedia":[{"embeddable":true,"href":"https:\/\/jasonhosesolutions.com\/es\/wp-json\/wp\/v2\/media\/26692"}],"wp:attachment":[{"href":"https:\/\/jasonhosesolutions.com\/es\/wp-json\/wp\/v2\/media?parent=45784"}],"curies":[{"name":"wp","href":"https:\/\/api.w.org\/{rel}","templated":true}]}}